{"id":13,"date":"2014-01-16T12:21:42","date_gmt":"2014-01-16T10:21:42","guid":{"rendered":"https:\/\/www.ak-sucht.de\/?page_id=13"},"modified":"2017-11-28T12:54:38","modified_gmt":"2017-11-28T10:54:38","slug":"linktipps","status":"publish","type":"page","link":"https:\/\/www.ak-sucht.de\/?page_id=13","title":{"rendered":"Linktipps"},"content":{"rendered":"<p>Liebe Besucher unserer Interseite,<br \/>\nweiterf\u00fchrende Informationen finden Sie auf den nachfolgenden Internetportalen.<\/p>\n<p><strong>\u00dcbergreifend<\/strong><\/p>\n<p>Die Bundeszentrale f\u00fcr gesundheitliche Aufkl\u00e4rung bietet zu umfassenden Themenbereichen Indormationen und Brosch\u00fcren und Gesundheitsrisiken vorzubeugen und eine gesundheitsf\u00f6rdernde Lebensweisen zu unters\u00fctzen. Hier findet sich auch zu allen relevantenn Suchtthemen shr gute Infromationen und Material.<br \/>\n<a href=\"http:\/\/www.bzga.de\" target=\"_blank\" rel=\"noopener\">www.bzga.de<\/a><\/p>\n<p>Die Deutsche Hauptstelle f\u00fcr Suchtanfragen e.V. bietet kompetent infromationen und Hilfe f\u00fcr Kosnumenten\/innen, Missbraucher\/innen, Abh\u00e4ngige und Angeh\u00f6rige.<br \/>\n<a href=\"http:\/\/www.dhs.de\" target=\"_blank\" rel=\"noopener\">www.dhs.de<\/a><\/p>\n<p>Die\u00a0 NAKOS leistet generelle Aufkl\u00e4rungsarbeit \u00fcber M\u00f6glichkeit der Selbsthife f\u00fcr Betroffende und Angeh\u00f6rige. Daf\u00fcr werden themen\u00fcbergreifend Informationen \u00fcber M\u00f6glichkeiten und Nutzen von selbsthilfegruppen (Aufkl\u00e4rungsbrosch\u00fcren, Informationsbl\u00e4tter, Arbeitshilfen, Plakate) entwicklet und publiziert.<br \/>\n<a href=\"http:\/\/www.nakos.de\" target=\"_blank\" rel=\"noopener\">www.nakos.de<\/a><\/p>\n<p>NACOA Deutschland &#8211; Interessenvertretung f\u00fcr Kinder und Suchtfamilien e.V. will informieren und die \u00f6ffentliche Aufmerksamkeit f\u00fcr Kinder aus suchtbelasteten Familen erh\u00f6hen. Der Verein m\u00f6chte helfen die Familienkrankheit Sucht aus der Tabuzone heraus in das Licht \u00f6ffentlicher Disskusionen zu bringen.<br \/>\n<a href=\"http:\/\/www.nacoa.de\" target=\"_blank\" rel=\"noopener\">www.nacoa.de<br \/>\n<\/a><\/p>\n<p><strong>Alkoholsucht<br \/>\n<\/strong>Jugendliche:<br \/>\n<a href=\"http:\/\/www.kenn-dein-limit.info\" target=\"_blank\" rel=\"noopener\">www.kenn-dein-limit.info<\/a><\/p>\n<p>Erwachsene:<br \/>\n<a href=\"http:\/\/www.kenn-dein-limit.de\" target=\"_blank\" rel=\"noopener\">www.kenn-dein-limit.de<\/a><\/p>\n<p>Senioren:<br \/>\n<a href=\"http:\/\/www.unabhaenig-im-alter.de\" target=\"_blank\" rel=\"noopener\">www.unabhaengig-im-alter.de<\/a><\/p>\n<p><strong>Drogensucht<br \/>\n<\/strong><a href=\"http:\/\/www.drugcom.de\" target=\"_blank\" rel=\"noopener\">www.drugcom.de<\/a><\/p>\n<p><strong>Nikotinsucht<br \/>\n<\/strong><a href=\"http:\/\/www.rauchfrei-info.de\" target=\"_blank\" rel=\"noopener\">www.rauchfrei-info.de<\/a><\/p>\n<p><strong>Onlinesucht<\/strong><br \/>\n<a href=\"http:\/\/www.klicksafe.de\/\">www.klicksafe.de<\/a><\/p>\n<p>Kinder- und Jugendliche:<br \/>\n<a href=\"http:\/\/www.ins-netz-gehen.de\">www.ins-netz-gehen.de<br \/>\n<\/a><a href=\"http:\/\/www.internet-abc.de\">www.internet-abc.de<\/a><\/p>\n<p>Eltern:<br \/>\n<a href=\"http:\/\/www.schau-hin.info\">www.schau-hin.info<\/a><br \/>\n<a href=\"http:\/\/www.rollenspielsucht.de\/\">www.rollenspielsucht.de<\/a><\/p>\n<p><strong>Gl\u00fccksspielsucht<\/strong><br \/>\n<a href=\"http:\/\/www.gluecksspielsucht-nrw.de \" target=\"_blank\" rel=\"noopener\">www.gluecksspielsucht-nrw.de <\/a><br \/>\n<a href=\"http:\/\/www.check-dein-spiel.de \" target=\"_blank\" rel=\"noopener\">www.check-dein-spiel.de<\/a> &#8211; Fragebogen zur Selbsteinsch\u00e4tzung<\/p>\n<p><strong>Essst\u00f6rungen<br \/>\n<\/strong><a href=\"http:\/\/www.bzga-essstoerungen.de\" target=\"_blank\" rel=\"noopener\">www.bzga-essstoerungen.de<\/a><br \/>\n<a href=\"http:\/\/www.magersucht-online.de\" target=\"_blank\" rel=\"noopener\">www.magersucht-online.de<\/a><br \/>\n<a href=\"http:\/\/www.hungrig-online.de\" target=\"_blank\" rel=\"noopener\">www.hungrig-online.de<\/a><\/p>\n<p><strong>Hilfe bei Problemeltern<\/strong><br \/>\n<a href=\"http:\/\/www.kidkit.de\" target=\"_blank\" rel=\"noopener\">www.kidkit.de<\/a><\/p>\n","protected":false},"excerpt":{"rendered":"<p>Liebe Besucher unserer Interseite, weiterf\u00fchrende Informationen finden Sie auf den nachfolgenden Internetportalen. \u00dcbergreifend Die Bundeszentrale f\u00fcr gesundheitliche Aufkl\u00e4rung bietet zu umfassenden Themenbereichen Indormationen und Brosch\u00fcren und Gesundheitsrisiken vorzubeugen und eine gesundheitsf\u00f6rdernde Lebensweisen zu unters\u00fctzen. Hier findet sich auch zu allen <a class=\"more-link\" href=\"https:\/\/www.ak-sucht.de\/?page_id=13\">weiterlesen  <span class=\"screen-reader-text\">  Linktipps<\/span><span class=\"meta-nav\">&rarr;<\/span><\/a><\/p>\n","protected":false},"author":1,"featured_media":0,"parent":0,"menu_order":0,"comment_status":"closed","ping_status":"closed","template":"","meta":{"footnotes":""},"class_list":["post-13","page","type-page","status-publish","hentry"],"_links":{"self":[{"href":"https:\/\/www.ak-sucht.de\/index.php?rest_route=\/wp\/v2\/pages\/13","targetHints":{"allow":["GET"]}}],"collection":[{"href":"https:\/\/www.ak-sucht.de\/index.php?rest_route=\/wp\/v2\/pages"}],"about":[{"href":"https:\/\/www.ak-sucht.de\/index.php?rest_route=\/wp\/v2\/types\/page"}],"author":[{"embeddable":true,"href":"https:\/\/www.ak-sucht.de\/index.php?rest_route=\/wp\/v2\/users\/1"}],"replies":[{"embeddable":true,"href":"https:\/\/www.ak-sucht.de\/index.php?rest_route=%2Fwp%2Fv2%2Fcomments&post=13"}],"version-history":[{"count":24,"href":"https:\/\/www.ak-sucht.de\/index.php?rest_route=\/wp\/v2\/pages\/13\/revisions"}],"predecessor-version":[{"id":371,"href":"https:\/\/www.ak-sucht.de\/index.php?rest_route=\/wp\/v2\/pages\/13\/revisions\/371"}],"wp:attachment":[{"href":"https:\/\/www.ak-sucht.de\/index.php?rest_route=%2Fwp%2Fv2%2Fmedia&parent=13"}],"curies":[{"name":"wp","href":"https:\/\/api.w.org\/{rel}","templated":true}]}}