{"id":24,"date":"2014-01-16T17:06:45","date_gmt":"2014-01-16T15:06:45","guid":{"rendered":"https:\/\/www.ak-sucht.de\/?page_id=24"},"modified":"2024-07-14T16:55:45","modified_gmt":"2024-07-14T14:55:45","slug":"wer-wir-sind","status":"publish","type":"page","link":"https:\/\/www.ak-sucht.de\/?page_id=24","title":{"rendered":"Wer wir sind"},"content":{"rendered":"<p>Der Arbeitskreis Sucht, N\u00f6rdlicher M\u00e4rkischer Kreis ist ein bew\u00e4hrter Zusammenschluss in der Region und m\u00f6chte mit seinem Engagement einen Beitrag leisten um ein kritisches Bewusstsein zu schaffen und Information im Umgang mit Suchtmitteln zu geben.<\/p>\n<p>Der AKS feierte 2023 sein 30 j\u00e4hriges Bestehen. Seit dem ersten Treffen 1993 wird aktiv zusammen gearbeitet um mit regelm\u00e4\u00dfigen \u00d6ffentlichkeitsveranstaltungen, Initiierung von Angeboten z.B. Gruppen f\u00fcr Kinder aus Suchtfamilien, die gesetzten Ziele zu verfolgen. Seit \u00fcber 20 Jahren veranstalten wir unter anderem im Rathaus Iserlohn Informationsabende mit hochkar\u00e4tigen Fachvortr\u00e4gen.<\/p>\n<p>Diese Vernetzung b\u00fcndelt die Kompetenzen, f\u00f6rdert bedarfsgerechte Angebote und schafft Synergieeffekte.<\/p>\n<p>Ein weiteres Ergebnis der Zusammenarbeit ist der regelm\u00e4\u00dfig erscheinende Flyer mit allen Selbsthilfegruppen und Beratungsstellen der Region N\u00f6rdlicher M\u00e4rkischer Kreis und dieser Internetauftritt.<\/p>\n","protected":false},"excerpt":{"rendered":"<p>Der Arbeitskreis Sucht, N\u00f6rdlicher M\u00e4rkischer Kreis ist ein bew\u00e4hrter Zusammenschluss in der Region und m\u00f6chte mit seinem Engagement einen Beitrag leisten um ein kritisches Bewusstsein zu schaffen und Information im Umgang mit Suchtmitteln zu geben. Der AKS feierte 2023 sein <a class=\"more-link\" href=\"https:\/\/www.ak-sucht.de\/?page_id=24\">weiterlesen  <span class=\"screen-reader-text\">  Wer wir sind<\/span><span class=\"meta-nav\">&rarr;<\/span><\/a><\/p>\n","protected":false},"author":1,"featured_media":0,"parent":0,"menu_order":0,"comment_status":"closed","ping_status":"closed","template":"","meta":{"footnotes":""},"class_list":["post-24","page","type-page","status-publish","hentry"],"_links":{"self":[{"href":"https:\/\/www.ak-sucht.de\/index.php?rest_route=\/wp\/v2\/pages\/24","targetHints":{"allow":["GET"]}}],"collection":[{"href":"https:\/\/www.ak-sucht.de\/index.php?rest_route=\/wp\/v2\/pages"}],"about":[{"href":"https:\/\/www.ak-sucht.de\/index.php?rest_route=\/wp\/v2\/types\/page"}],"author":[{"embeddable":true,"href":"https:\/\/www.ak-sucht.de\/index.php?rest_route=\/wp\/v2\/users\/1"}],"replies":[{"embeddable":true,"href":"https:\/\/www.ak-sucht.de\/index.php?rest_route=%2Fwp%2Fv2%2Fcomments&post=24"}],"version-history":[{"count":6,"href":"https:\/\/www.ak-sucht.de\/index.php?rest_route=\/wp\/v2\/pages\/24\/revisions"}],"predecessor-version":[{"id":463,"href":"https:\/\/www.ak-sucht.de\/index.php?rest_route=\/wp\/v2\/pages\/24\/revisions\/463"}],"wp:attachment":[{"href":"https:\/\/www.ak-sucht.de\/index.php?rest_route=%2Fwp%2Fv2%2Fmedia&parent=24"}],"curies":[{"name":"wp","href":"https:\/\/api.w.org\/{rel}","templated":true}]}}