{"id":34,"date":"2014-01-16T17:17:38","date_gmt":"2014-01-16T15:17:38","guid":{"rendered":"https:\/\/www.ak-sucht.de\/?page_id=34"},"modified":"2024-07-03T19:09:41","modified_gmt":"2024-07-03T17:09:41","slug":"home","status":"publish","type":"page","link":"https:\/\/www.ak-sucht.de\/","title":{"rendered":"Herzlich Willkommen"},"content":{"rendered":"<p>Auf diesen Seiten m\u00f6chten wir Informationen, Tipps und Hinweise f\u00fcr die Region n\u00f6rdlicher M\u00e4rkischer Kreis im \u00dcberblick darstellen.<\/p>\n<p>Im Arbeitskreis Sucht, N\u00f6rdlicher M\u00e4rkischer Kreis treffen sich seit mittlerweile 30 Jahren in regelm\u00e4\u00dfigen Abst\u00e4nden Vertreter und Vertreterinnen der Suchtselbsthilfegruppen, Beratungsstellen und Suchthilfeeinrichtungen aus den St\u00e4dten Hemer, Iserlohn, Menden, Hagen-Hohenlimburg und Balve, um den Austausch und die Vernetzung zwischen ehrenamtlicher und professioneller Suchthilfearbeit zu intensivieren.<\/p>\n<p><strong>Im M\u00e4rkischen Kreis sind \u00fcber 50 Gruppen, Beratungsstellen und Einrichtungen in der Suchtkrankenhilfe t\u00e4tig.<br \/>\n<\/strong><\/p>\n<p>Wir als Arbeitskreis Sucht haben f\u00fcr Sie die Selbsthilfegruppen und Beratungsstellen des n\u00f6rdlichen M\u00e4rkischen Kreises in den St\u00e4dten Hemer, Iserlohn, Menden und Balve in der \u00dcbersicht zusammengestellt. Hier finden Betroffene, Angeh\u00f6rige, Freunde, Arbeitskollegen und Andere die Kontaktdaten, Treffpunkte und Termine.<\/p>\n<p>F\u00fcr ein Feedback sind wir jederzeit dankbar.<\/p>\n<div style=\"float: left;\">Mareike Deitmerg<br \/>\nSprecherin<\/div>\n<div style=\"clear: both;\"><\/div>\n","protected":false},"excerpt":{"rendered":"<p>Auf diesen Seiten m\u00f6chten wir Informationen, Tipps und Hinweise f\u00fcr die Region n\u00f6rdlicher M\u00e4rkischer Kreis im \u00dcberblick darstellen. Im Arbeitskreis Sucht, N\u00f6rdlicher M\u00e4rkischer Kreis treffen sich seit mittlerweile 30 Jahren in regelm\u00e4\u00dfigen Abst\u00e4nden Vertreter und Vertreterinnen der Suchtselbsthilfegruppen, Beratungsstellen und <a class=\"more-link\" href=\"https:\/\/www.ak-sucht.de\/\">weiterlesen  <span class=\"screen-reader-text\">  Herzlich Willkommen<\/span><span class=\"meta-nav\">&rarr;<\/span><\/a><\/p>\n","protected":false},"author":1,"featured_media":0,"parent":0,"menu_order":0,"comment_status":"closed","ping_status":"closed","template":"","meta":{"footnotes":""},"class_list":["post-34","page","type-page","status-publish","hentry"],"_links":{"self":[{"href":"https:\/\/www.ak-sucht.de\/index.php?rest_route=\/wp\/v2\/pages\/34","targetHints":{"allow":["GET"]}}],"collection":[{"href":"https:\/\/www.ak-sucht.de\/index.php?rest_route=\/wp\/v2\/pages"}],"about":[{"href":"https:\/\/www.ak-sucht.de\/index.php?rest_route=\/wp\/v2\/types\/page"}],"author":[{"embeddable":true,"href":"https:\/\/www.ak-sucht.de\/index.php?rest_route=\/wp\/v2\/users\/1"}],"replies":[{"embeddable":true,"href":"https:\/\/www.ak-sucht.de\/index.php?rest_route=%2Fwp%2Fv2%2Fcomments&post=34"}],"version-history":[{"count":34,"href":"https:\/\/www.ak-sucht.de\/index.php?rest_route=\/wp\/v2\/pages\/34\/revisions"}],"predecessor-version":[{"id":444,"href":"https:\/\/www.ak-sucht.de\/index.php?rest_route=\/wp\/v2\/pages\/34\/revisions\/444"}],"wp:attachment":[{"href":"https:\/\/www.ak-sucht.de\/index.php?rest_route=%2Fwp%2Fv2%2Fmedia&parent=34"}],"curies":[{"name":"wp","href":"https:\/\/api.w.org\/{rel}","templated":true}]}}