{"id":37,"date":"2014-01-16T17:19:09","date_gmt":"2014-01-16T15:19:09","guid":{"rendered":"https:\/\/www.ak-sucht.de\/?page_id=37"},"modified":"2016-04-13T14:02:56","modified_gmt":"2016-04-13T12:02:56","slug":"soforthilfe","status":"publish","type":"page","link":"https:\/\/www.ak-sucht.de\/?page_id=37","title":{"rendered":"Soforthilfe"},"content":{"rendered":"<p>Sie k\u00f6nnen sich als B\u00fcrger des N\u00f6rdlichen M\u00e4rkischen Kreises an alle Selbsthilfegruppen und Beratungsstellen in ihrer direkten Region wenden, die auf unserer Internetseite genannt werden.<\/p>\n<p>Unabh\u00e4ngig von B\u00fcrozeiten oder Sprechstunden steht das Nottelefon-Sucht der Guttempler Gemeinschaften NRW 24 Stunden an 365 Tage im Jahr f\u00fcr Hilfesuchende in NRW bereit.<strong><br \/>\n<\/strong><\/p>\n<p>Nottelefon-Sucht NRW<br \/>\n<strong>01803 240700<\/strong><\/p>\n<p>TelefonSeelsorge Hagen-Mark<br \/>\n<strong>0800 \u2013 111 0 111<br \/>\n<\/strong>Anonym. Kompetent. Rund um die Uhr.<\/p>\n<p>Die Sucht &amp; Drogen Hotline\u00a0wird mit der bundesweit einheitlichen Telefonnummer<br \/>\n<strong>01805 313031\u00a0<\/strong> t\u00e4glich 24 Std. geschaltet.\u00a0Das telefonische Beratungsangebot ist f\u00fcr die Anrufer mit 14 Cent pro Minute aus dem Festnetz kostenpflichtig, im Mobilfunk max. 42 Cent pro Minute.<\/p>\n<p>Die Suchtberatung der BZgA bietet Beratung zu allen Suchtbereichen unter<br \/>\n<strong>0221-892031<\/strong> mo-do 10.00-22.00 Uhr, fr-so und feiertags 10.00-18.00 Uhr.<\/p>\n<p>Die Hotline Gl\u00fccksspielsucht NRW<br \/>\n<strong>0800-0776611<\/strong> ist 24 Std. erreichbar und Ansprechpartner f\u00fcr die Soforthilfe\u00a0\u00a0\u00a0\u00a0\u00a0\u00a0\u00a0\u00a0\u00a0\u00a0\u00a0\u00a0\u00a0\u00a0\u00a0\u00a0\u00a0\u00a0\u00a0\u00a0\u00a0 (<em><strong>in t\u00fcrkischer Sprache<\/strong> <strong>0800-3264762<\/strong><\/em>).<\/p>\n","protected":false},"excerpt":{"rendered":"<p>Sie k\u00f6nnen sich als B\u00fcrger des N\u00f6rdlichen M\u00e4rkischen Kreises an alle Selbsthilfegruppen und Beratungsstellen in ihrer direkten Region wenden, die auf unserer Internetseite genannt werden. Unabh\u00e4ngig von B\u00fcrozeiten oder Sprechstunden steht das Nottelefon-Sucht der Guttempler Gemeinschaften NRW 24 Stunden an <a class=\"more-link\" href=\"https:\/\/www.ak-sucht.de\/?page_id=37\">weiterlesen  <span class=\"screen-reader-text\">  Soforthilfe<\/span><span class=\"meta-nav\">&rarr;<\/span><\/a><\/p>\n","protected":false},"author":1,"featured_media":0,"parent":0,"menu_order":0,"comment_status":"closed","ping_status":"closed","template":"","meta":{"footnotes":""},"class_list":["post-37","page","type-page","status-publish","hentry"],"_links":{"self":[{"href":"https:\/\/www.ak-sucht.de\/index.php?rest_route=\/wp\/v2\/pages\/37","targetHints":{"allow":["GET"]}}],"collection":[{"href":"https:\/\/www.ak-sucht.de\/index.php?rest_route=\/wp\/v2\/pages"}],"about":[{"href":"https:\/\/www.ak-sucht.de\/index.php?rest_route=\/wp\/v2\/types\/page"}],"author":[{"embeddable":true,"href":"https:\/\/www.ak-sucht.de\/index.php?rest_route=\/wp\/v2\/users\/1"}],"replies":[{"embeddable":true,"href":"https:\/\/www.ak-sucht.de\/index.php?rest_route=%2Fwp%2Fv2%2Fcomments&post=37"}],"version-history":[{"count":27,"href":"https:\/\/www.ak-sucht.de\/index.php?rest_route=\/wp\/v2\/pages\/37\/revisions"}],"predecessor-version":[{"id":278,"href":"https:\/\/www.ak-sucht.de\/index.php?rest_route=\/wp\/v2\/pages\/37\/revisions\/278"}],"wp:attachment":[{"href":"https:\/\/www.ak-sucht.de\/index.php?rest_route=%2Fwp%2Fv2%2Fmedia&parent=37"}],"curies":[{"name":"wp","href":"https:\/\/api.w.org\/{rel}","templated":true}]}}